{"id":324,"date":"2019-02-12T01:29:05","date_gmt":"2019-02-12T01:29:05","guid":{"rendered":"https:\/\/it-high-industry.com\/?page_id=324"},"modified":"2021-07-01T17:39:03","modified_gmt":"2021-07-01T17:39:03","slug":"unterstutzung-und-kontinuierliche-verbesserung","status":"publish","type":"page","link":"https:\/\/it-high-industry.com\/?page_id=324","title":{"rendered":"VERBESSERUNG"},"content":{"rendered":"\t\t<div data-elementor-type=\"wp-post\" data-elementor-id=\"324\" class=\"elementor elementor-324\" data-elementor-settings=\"[]\">\n\t\t\t\t\t\t\t<div class=\"elementor-section-wrap\">\n\t\t\t\t\t\t\t<section class=\"elementor-section elementor-top-section elementor-element elementor-element-32cc8b1e elementor-section-boxed elementor-section-height-default elementor-section-height-default\" data-id=\"32cc8b1e\" data-element_type=\"section\" data-settings=\"{&quot;background_background&quot;:&quot;gradient&quot;}\">\n\t\t\t\t\t\t<div class=\"elementor-container elementor-column-gap-default\">\n\t\t\t\t\t<div class=\"elementor-column elementor-col-100 elementor-top-column elementor-element elementor-element-207fde47\" data-id=\"207fde47\" data-element_type=\"column\">\n\t\t\t<div class=\"elementor-widget-wrap elementor-element-populated\">\n\t\t\t\t\t\t\t\t<div class=\"elementor-element elementor-element-713d62a elementor-widget elementor-widget-heading\" data-id=\"713d62a\" data-element_type=\"widget\" data-widget_type=\"heading.default\">\n\t\t\t\t<div class=\"elementor-widget-container\">\n\t\t\t<h1 class=\"elementor-heading-title elementor-size-default\">UNTERST\u00dcTZUNG UND KONTINUIERLICHE VERBESSERUNG<\/h1>\t\t<\/div>\n\t\t\t\t<\/div>\n\t\t\t\t\t<\/div>\n\t\t<\/div>\n\t\t\t\t\t\t\t<\/div>\n\t\t<\/section>\n\t\t\t\t<section class=\"elementor-section elementor-top-section elementor-element elementor-element-e6d3c76 elementor-section-content-middle elementor-section-boxed elementor-section-height-default elementor-section-height-default\" data-id=\"e6d3c76\" data-element_type=\"section\" data-settings=\"{&quot;background_background&quot;:&quot;classic&quot;}\">\n\t\t\t\t\t\t<div class=\"elementor-container elementor-column-gap-default\">\n\t\t\t\t\t<div class=\"elementor-column elementor-col-100 elementor-top-column elementor-element elementor-element-681449d5\" data-id=\"681449d5\" data-element_type=\"column\">\n\t\t\t<div class=\"elementor-widget-wrap elementor-element-populated\">\n\t\t\t\t\t\t\t\t<div class=\"elementor-element elementor-element-13ce13b elementor-widget elementor-widget-heading\" data-id=\"13ce13b\" data-element_type=\"widget\" data-widget_type=\"heading.default\">\n\t\t\t\t<div class=\"elementor-widget-container\">\n\t\t\t<h2 class=\"elementor-heading-title elementor-size-default\">BIETEN SIE DEN BENUTZER QUALIT\u00c4TSUNTERST\u00dcTZUNG\n\nUND EINE KONTINUIERLICHE VERBESSERUNG DER EINGESETZTEN L\u00d6SUNGEN<\/h2>\t\t<\/div>\n\t\t\t\t<\/div>\n\t\t\t\t<div class=\"elementor-element elementor-element-e9311bb elementor-widget elementor-widget-text-editor\" data-id=\"e9311bb\" data-element_type=\"widget\" data-widget_type=\"text-editor.default\">\n\t\t\t\t<div class=\"elementor-widget-container\">\n\t\t\t\t\t\t\t\t<p>Ein erfolgreiches Implementierungsprojekt reicht nicht aus. Es ist im Laufe der Zeit notwendig, seinen Benutzern zu dienen und ihre Prozesse und Tools zu verbessern. IT High Industry\u00a0unterst\u00fctzt seine Kunden beim Management des Lebenszyklus von L\u00f6sungen, indem es kontinuierliche Verbesserungsdienste anbietet: Management von TMA (Third Party Application Maintenance), technischer Support f\u00fcr Benutzer, Benutzerunterst\u00fctzung, Versions-Upgrades, regulatorische Anpassung, Integration neuer Benutzer \/ Dienste , Verbesserung der F\u00e4higkeiten Ihrer Teams &#8230;<\/p>\t\t\t\t\t\t<\/div>\n\t\t\t\t<\/div>\n\t\t\t\t\t<\/div>\n\t\t<\/div>\n\t\t\t\t\t\t\t<\/div>\n\t\t<\/section>\n\t\t\t\t<section class=\"elementor-section elementor-top-section elementor-element elementor-element-2aa7d13 elementor-section-boxed elementor-section-height-default elementor-section-height-default\" data-id=\"2aa7d13\" data-element_type=\"section\">\n\t\t\t\t\t\t<div class=\"elementor-container elementor-column-gap-default\">\n\t\t\t\t\t<div class=\"elementor-column elementor-col-100 elementor-top-column elementor-element elementor-element-15ffbac\" data-id=\"15ffbac\" data-element_type=\"column\">\n\t\t\t<div class=\"elementor-widget-wrap elementor-element-populated\">\n\t\t\t\t\t\t\t\t<div class=\"elementor-element elementor-element-f076979 elementor-widget elementor-widget-heading\" data-id=\"f076979\" data-element_type=\"widget\" data-widget_type=\"heading.default\">\n\t\t\t\t<div class=\"elementor-widget-container\">\n\t\t\t<h2 class=\"elementor-heading-title elementor-size-default\">UNTERST\u00dcTZUNG F\u00dcR BENUTZER<\/h2>\t\t<\/div>\n\t\t\t\t<\/div>\n\t\t\t\t<div class=\"elementor-element elementor-element-567c456 elementor-widget elementor-widget-text-editor\" data-id=\"567c456\" data-element_type=\"widget\" data-widget_type=\"text-editor.default\">\n\t\t\t\t<div class=\"elementor-widget-container\">\n\t\t\t\t\t\t\t\t<p>Unsere Support-Teams greifen im Management-Modus ein, um Ihre aktuellen Teams zu verst\u00e4rken, oder pauschal in einem Shared Services Center (CSP), um einen Teil oder das gesamte Management Ihrer Informationssysteme zu \u00fcbernehmen.<\/p>\t\t\t\t\t\t<\/div>\n\t\t\t\t<\/div>\n\t\t\t\t<section class=\"elementor-section elementor-inner-section elementor-element elementor-element-ade98a1 elementor-section-boxed elementor-section-height-default elementor-section-height-default\" data-id=\"ade98a1\" data-element_type=\"section\">\n\t\t\t\t\t\t<div class=\"elementor-container elementor-column-gap-default\">\n\t\t\t\t\t<div class=\"elementor-column elementor-col-33 elementor-inner-column elementor-element elementor-element-bff1f68\" data-id=\"bff1f68\" data-element_type=\"column\">\n\t\t\t<div class=\"elementor-widget-wrap elementor-element-populated\">\n\t\t\t\t\t\t\t\t<div class=\"elementor-element elementor-element-ce03abb elementor-widget elementor-widget-image\" data-id=\"ce03abb\" data-element_type=\"widget\" data-widget_type=\"image.default\">\n\t\t\t\t<div class=\"elementor-widget-container\">\n\t\t\t\t\t\t\t\t\t\t\t\t\t\t\t<img loading=\"lazy\" decoding=\"async\" width=\"683\" height=\"1024\" src=\"https:\/\/it-high-industry.com\/wp-content\/uploads\/2021\/07\/support-aux-utilisateurs-683x1024.jpg\" class=\"attachment-large size-large\" alt=\"\" srcset=\"https:\/\/it-high-industry.com\/wp-content\/uploads\/2021\/07\/support-aux-utilisateurs-683x1024.jpg 683w, https:\/\/it-high-industry.com\/wp-content\/uploads\/2021\/07\/support-aux-utilisateurs-scaled-600x900.jpg 600w, https:\/\/it-high-industry.com\/wp-content\/uploads\/2021\/07\/support-aux-utilisateurs-200x300.jpg 200w, https:\/\/it-high-industry.com\/wp-content\/uploads\/2021\/07\/support-aux-utilisateurs-768x1152.jpg 768w, https:\/\/it-high-industry.com\/wp-content\/uploads\/2021\/07\/support-aux-utilisateurs-1024x1536.jpg 1024w, https:\/\/it-high-industry.com\/wp-content\/uploads\/2021\/07\/support-aux-utilisateurs-1365x2048.jpg 1365w, https:\/\/it-high-industry.com\/wp-content\/uploads\/2021\/07\/support-aux-utilisateurs-scaled.jpg 1707w\" sizes=\"auto, (max-width: 683px) 100vw, 683px\" \/>\t\t\t\t\t\t\t\t\t\t\t\t\t\t\t<\/div>\n\t\t\t\t<\/div>\n\t\t\t\t\t<\/div>\n\t\t<\/div>\n\t\t\t\t<div class=\"elementor-column elementor-col-33 elementor-inner-column elementor-element elementor-element-702ff40\" data-id=\"702ff40\" data-element_type=\"column\">\n\t\t\t<div class=\"elementor-widget-wrap elementor-element-populated\">\n\t\t\t\t\t\t\t\t<div class=\"elementor-element elementor-element-68b79da elementor-widget elementor-widget-text-editor\" data-id=\"68b79da\" data-element_type=\"widget\" data-widget_type=\"text-editor.default\">\n\t\t\t\t<div class=\"elementor-widget-container\">\n\t\t\t\t\t\t\t\t<p>M\u00d6CHTEN SIE DIE VERWALTUNG IHRES INFORMATIONSSYSTEMS GANZ ODER TEILWEISE AUSGELAGERT WERDEN?<\/p><p><br \/>BEN\u00d6TIGEN SIE UNTERST\u00dcTZUNG, UM DIE WACHSENDE TECHNISCHE KOMPLEXIT\u00c4T IHRES IST ZU BEW\u00c4LTIGEN?<\/p><p>M\u00d6CHTEN SIE IHRE EINF\u00dcHRUNGSKOSTEN F\u00dcR IHRE IT-L\u00d6SUNGEN REDUZIEREN?<\/p>\t\t\t\t\t\t<\/div>\n\t\t\t\t<\/div>\n\t\t\t\t\t<\/div>\n\t\t<\/div>\n\t\t\t\t<div class=\"elementor-column elementor-col-33 elementor-inner-column elementor-element elementor-element-5ec1e48\" data-id=\"5ec1e48\" data-element_type=\"column\">\n\t\t\t<div class=\"elementor-widget-wrap elementor-element-populated\">\n\t\t\t\t\t\t\t\t<div class=\"elementor-element elementor-element-ecdf01b elementor-widget elementor-widget-text-editor\" data-id=\"ecdf01b\" data-element_type=\"widget\" data-widget_type=\"text-editor.default\">\n\t\t\t\t<div class=\"elementor-widget-container\">\n\t\t\t\t\t\t\t\t<ul><li>Unterst\u00fctzung beim Benutzersupport (Kampagnenmodus oder Shared Service Center)<\/li><li>Technischer Support Level 1, 2 oder 3 &#8230;<\/li><li>Unterst\u00fctzung von IT-Teams (Administration, Anwendung)<\/li><li>Verwaltung von TMA (Third Party Maintenance Applicative)<\/li><li>Bereitstellung eines \u201eTicketing\u201c-Tools und eines dedizierten Helpdesks<\/li><li>Implementierung von Community-Engagement-Programmen f\u00fcr Key-User und interne Kunden<\/li><\/ul>\t\t\t\t\t\t<\/div>\n\t\t\t\t<\/div>\n\t\t\t\t\t<\/div>\n\t\t<\/div>\n\t\t\t\t\t\t\t<\/div>\n\t\t<\/section>\n\t\t\t\t\t<\/div>\n\t\t<\/div>\n\t\t\t\t\t\t\t<\/div>\n\t\t<\/section>\n\t\t\t\t<section class=\"elementor-section elementor-top-section elementor-element elementor-element-2d2a4c6 elementor-section-boxed elementor-section-height-default elementor-section-height-default\" data-id=\"2d2a4c6\" data-element_type=\"section\" data-settings=\"{&quot;background_background&quot;:&quot;classic&quot;}\">\n\t\t\t\t\t\t<div class=\"elementor-container elementor-column-gap-default\">\n\t\t\t\t\t<div class=\"elementor-column elementor-col-100 elementor-top-column elementor-element elementor-element-cc5d555\" data-id=\"cc5d555\" data-element_type=\"column\">\n\t\t\t<div class=\"elementor-widget-wrap elementor-element-populated\">\n\t\t\t\t\t\t\t\t<div class=\"elementor-element elementor-element-e44c2c0 elementor-widget elementor-widget-heading\" data-id=\"e44c2c0\" data-element_type=\"widget\" data-widget_type=\"heading.default\">\n\t\t\t\t<div class=\"elementor-widget-container\">\n\t\t\t<h2 class=\"elementor-heading-title elementor-size-default\">UPGRADE IHRER IT-L\u00d6SUNGEN<\/h2>\t\t<\/div>\n\t\t\t\t<\/div>\n\t\t\t\t<div class=\"elementor-element elementor-element-0bffe64 elementor-widget elementor-widget-text-editor\" data-id=\"0bffe64\" data-element_type=\"widget\" data-widget_type=\"text-editor.default\">\n\t\t\t\t<div class=\"elementor-widget-container\">\n\t\t\t\t\t\t\t\t<p>Skalieren Sie die Anwendung, integrieren Sie neue Funktionen, aktualisieren Sie Software, die S&amp;H-Teams unterst\u00fctzen Sie bei Ihren Pl\u00e4nen zur Aufr\u00fcstung Ihrer Informationssysteme.<\/p>\t\t\t\t\t\t<\/div>\n\t\t\t\t<\/div>\n\t\t\t\t<section class=\"elementor-section elementor-inner-section elementor-element elementor-element-ddcd2a6 elementor-section-boxed elementor-section-height-default elementor-section-height-default\" data-id=\"ddcd2a6\" data-element_type=\"section\">\n\t\t\t\t\t\t<div class=\"elementor-container elementor-column-gap-default\">\n\t\t\t\t\t<div class=\"elementor-column elementor-col-33 elementor-inner-column elementor-element elementor-element-3ff65dd\" data-id=\"3ff65dd\" data-element_type=\"column\">\n\t\t\t<div class=\"elementor-widget-wrap elementor-element-populated\">\n\t\t\t\t\t\t\t\t<div class=\"elementor-element elementor-element-5aba097 elementor-widget elementor-widget-image\" data-id=\"5aba097\" data-element_type=\"widget\" data-widget_type=\"image.default\">\n\t\t\t\t<div class=\"elementor-widget-container\">\n\t\t\t\t\t\t\t\t\t\t\t\t\t\t\t<img loading=\"lazy\" decoding=\"async\" width=\"683\" height=\"1024\" src=\"https:\/\/it-high-industry.com\/wp-content\/uploads\/2021\/07\/monte\u0301e-de-version-683x1024.jpg\" class=\"attachment-large size-large\" alt=\"\" srcset=\"https:\/\/it-high-industry.com\/wp-content\/uploads\/2021\/07\/monte\u0301e-de-version-683x1024.jpg 683w, https:\/\/it-high-industry.com\/wp-content\/uploads\/2021\/07\/monte\u0301e-de-version-scaled-600x900.jpg 600w, https:\/\/it-high-industry.com\/wp-content\/uploads\/2021\/07\/monte\u0301e-de-version-200x300.jpg 200w, https:\/\/it-high-industry.com\/wp-content\/uploads\/2021\/07\/monte\u0301e-de-version-768x1152.jpg 768w, https:\/\/it-high-industry.com\/wp-content\/uploads\/2021\/07\/monte\u0301e-de-version-1024x1536.jpg 1024w, https:\/\/it-high-industry.com\/wp-content\/uploads\/2021\/07\/monte\u0301e-de-version-1365x2048.jpg 1365w, https:\/\/it-high-industry.com\/wp-content\/uploads\/2021\/07\/monte\u0301e-de-version-scaled.jpg 1707w\" sizes=\"auto, (max-width: 683px) 100vw, 683px\" \/>\t\t\t\t\t\t\t\t\t\t\t\t\t\t\t<\/div>\n\t\t\t\t<\/div>\n\t\t\t\t\t<\/div>\n\t\t<\/div>\n\t\t\t\t<div class=\"elementor-column elementor-col-33 elementor-inner-column elementor-element elementor-element-3cdbd6b\" data-id=\"3cdbd6b\" data-element_type=\"column\">\n\t\t\t<div class=\"elementor-widget-wrap elementor-element-populated\">\n\t\t\t\t\t\t\t\t<div class=\"elementor-element elementor-element-7483d62 elementor-widget elementor-widget-text-editor\" data-id=\"7483d62\" data-element_type=\"widget\" data-widget_type=\"text-editor.default\">\n\t\t\t\t<div class=\"elementor-widget-container\">\n\t\t\t\t\t\t\t\t<p>WIE ERHALTE ICH DIE NEUESTE VERSION MEINES INFORMATIONSSYSTEMS?<\/p><p><br \/>WIE KANN ICH EINEN NACHHALTIGEN \u00dcBERGANG IN MEINER ORGANISATION SICHERSTELLEN?<\/p>\t\t\t\t\t\t<\/div>\n\t\t\t\t<\/div>\n\t\t\t\t\t<\/div>\n\t\t<\/div>\n\t\t\t\t<div class=\"elementor-column elementor-col-33 elementor-inner-column elementor-element elementor-element-be56bde\" data-id=\"be56bde\" data-element_type=\"column\">\n\t\t\t<div class=\"elementor-widget-wrap elementor-element-populated\">\n\t\t\t\t\t\t\t\t<div class=\"elementor-element elementor-element-02f2599 elementor-widget elementor-widget-text-editor\" data-id=\"02f2599\" data-element_type=\"widget\" data-widget_type=\"text-editor.default\">\n\t\t\t\t<div class=\"elementor-widget-container\">\n\t\t\t\t\t\t\t\t<ul><li>Chancenstudie f\u00fcr neue Versionen<\/li><li>Pr\u00fcfung und Empfehlungen<\/li><li>Verwaltung von Versionsentwicklungen<\/li><li>\u00c4nderungen konfigurieren<\/li><li>Funktionale Migration<\/li><li>Release-Management<\/li><li>Kommunikationsunterst\u00fctzung f\u00fcr Verbesserungen und neue Funktionen<\/li><\/ul>\t\t\t\t\t\t<\/div>\n\t\t\t\t<\/div>\n\t\t\t\t\t<\/div>\n\t\t<\/div>\n\t\t\t\t\t\t\t<\/div>\n\t\t<\/section>\n\t\t\t\t\t<\/div>\n\t\t<\/div>\n\t\t\t\t\t\t\t<\/div>\n\t\t<\/section>\n\t\t\t\t<section class=\"elementor-section elementor-top-section elementor-element elementor-element-18d8497 elementor-section-content-middle elementor-section-boxed elementor-section-height-default elementor-section-height-default\" data-id=\"18d8497\" data-element_type=\"section\" data-settings=\"{&quot;background_background&quot;:&quot;classic&quot;,&quot;shape_divider_bottom&quot;:&quot;waves&quot;}\">\n\t\t\t\t\t<div class=\"elementor-shape elementor-shape-bottom\" data-negative=\"false\">\n\t\t\t<svg xmlns=\"http:\/\/www.w3.org\/2000\/svg\" viewBox=\"0 0 1000 100\" preserveAspectRatio=\"none\">\n\t<path class=\"elementor-shape-fill\" d=\"M421.9,6.5c22.6-2.5,51.5,0.4,75.5,5.3c23.6,4.9,70.9,23.5,100.5,35.7c75.8,32.2,133.7,44.5,192.6,49.7\n\tc23.6,2.1,48.7,3.5,103.4-2.5c54.7-6,106.2-25.6,106.2-25.6V0H0v30.3c0,0,72,32.6,158.4,30.5c39.2-0.7,92.8-6.7,134-22.4\n\tc21.2-8.1,52.2-18.2,79.7-24.2C399.3,7.9,411.6,7.5,421.9,6.5z\"\/>\n<\/svg>\t\t<\/div>\n\t\t\t\t\t<div class=\"elementor-container elementor-column-gap-default\">\n\t\t\t\t\t<div class=\"elementor-column elementor-col-50 elementor-top-column elementor-element elementor-element-fdb1523\" data-id=\"fdb1523\" data-element_type=\"column\">\n\t\t\t<div class=\"elementor-widget-wrap elementor-element-populated\">\n\t\t\t\t\t\t\t\t<div class=\"elementor-element elementor-element-b6a16ea elementor-widget elementor-widget-heading\" data-id=\"b6a16ea\" data-element_type=\"widget\" data-widget_type=\"heading.default\">\n\t\t\t\t<div class=\"elementor-widget-container\">\n\t\t\t<h2 class=\"elementor-heading-title elementor-size-default\">DIE S&H WAHL F\u00dcR IHRE UNTERST\u00dcTZUNG & KONTINUIERLICHE VERBESSERUNGSPROJEKTE<\/h2>\t\t<\/div>\n\t\t\t\t<\/div>\n\t\t\t\t\t<\/div>\n\t\t<\/div>\n\t\t\t\t<div class=\"elementor-column elementor-col-50 elementor-top-column elementor-element elementor-element-da38d52\" data-id=\"da38d52\" data-element_type=\"column\" data-settings=\"{&quot;background_background&quot;:&quot;classic&quot;}\">\n\t\t\t<div class=\"elementor-widget-wrap elementor-element-populated\">\n\t\t\t\t\t\t\t\t<section class=\"elementor-section elementor-inner-section elementor-element elementor-element-89ed23c elementor-section-boxed elementor-section-height-default elementor-section-height-default\" data-id=\"89ed23c\" data-element_type=\"section\">\n\t\t\t\t\t\t<div class=\"elementor-container elementor-column-gap-default\">\n\t\t\t\t\t<div class=\"elementor-column elementor-col-50 elementor-inner-column elementor-element elementor-element-ebf9917\" data-id=\"ebf9917\" data-element_type=\"column\">\n\t\t\t<div class=\"elementor-widget-wrap elementor-element-populated\">\n\t\t\t\t\t\t\t\t<div class=\"elementor-element elementor-element-c350734 elementor-widget elementor-widget-heading\" data-id=\"c350734\" data-element_type=\"widget\" data-widget_type=\"heading.default\">\n\t\t\t\t<div class=\"elementor-widget-container\">\n\t\t\t<h3 class=\"elementor-heading-title elementor-size-default\">VERTRAUEN<\/h3>\t\t<\/div>\n\t\t\t\t<\/div>\n\t\t\t\t<div class=\"elementor-element elementor-element-a44e931 elementor-widget elementor-widget-text-editor\" data-id=\"a44e931\" data-element_type=\"widget\" data-widget_type=\"text-editor.default\">\n\t\t\t\t<div class=\"elementor-widget-container\">\n\t\t\t\t\t\t\t\t<p>Eine enge Zusammenarbeit mit den Redakteuren und ein Skill Center, damit unsere Berater regelm\u00e4\u00dfig auf die neuen am Markt verf\u00fcgbaren Versionen geschult werden und Sie so bei Ihren Herausforderungen beraten k\u00f6nnen<\/p>\t\t\t\t\t\t<\/div>\n\t\t\t\t<\/div>\n\t\t\t\t\t<\/div>\n\t\t<\/div>\n\t\t\t\t<div class=\"elementor-column elementor-col-50 elementor-inner-column elementor-element elementor-element-cc692b5\" data-id=\"cc692b5\" data-element_type=\"column\">\n\t\t\t<div class=\"elementor-widget-wrap elementor-element-populated\">\n\t\t\t\t\t\t\t\t<div class=\"elementor-element elementor-element-e76e2f1 elementor-widget elementor-widget-heading\" data-id=\"e76e2f1\" data-element_type=\"widget\" data-widget_type=\"heading.default\">\n\t\t\t\t<div class=\"elementor-widget-container\">\n\t\t\t<h3 class=\"elementor-heading-title elementor-size-default\">VERWEISE<\/h3>\t\t<\/div>\n\t\t\t\t<\/div>\n\t\t\t\t<div class=\"elementor-element elementor-element-8b5f334 elementor-widget elementor-widget-text-editor\" data-id=\"8b5f334\" data-element_type=\"widget\" data-widget_type=\"text-editor.default\">\n\t\t\t\t<div class=\"elementor-widget-container\">\n\t\t\t\t\t\t\t\t<p>Die erfolgreichen Erfahrungen bei der Implementierung von On-Premise-L\u00f6sungen und ERP-, Saas-, PaaS-L\u00f6sungen erm\u00f6glichen es uns, echtes Know-how beim Upgrade von Versionen von Oracle, Netsuite, Talentsoft, Peoplesoft &#8230;<\/p>\t\t\t\t\t\t<\/div>\n\t\t\t\t<\/div>\n\t\t\t\t\t<\/div>\n\t\t<\/div>\n\t\t\t\t\t\t\t<\/div>\n\t\t<\/section>\n\t\t\t\t<section class=\"elementor-section elementor-inner-section elementor-element elementor-element-07cd94d elementor-section-boxed elementor-section-height-default elementor-section-height-default\" data-id=\"07cd94d\" data-element_type=\"section\">\n\t\t\t\t\t\t<div class=\"elementor-container elementor-column-gap-default\">\n\t\t\t\t\t<div class=\"elementor-column elementor-col-50 elementor-inner-column elementor-element elementor-element-d7ddf8b\" data-id=\"d7ddf8b\" data-element_type=\"column\">\n\t\t\t<div class=\"elementor-widget-wrap elementor-element-populated\">\n\t\t\t\t\t\t\t\t<div class=\"elementor-element elementor-element-0a150bb elementor-widget elementor-widget-heading\" data-id=\"0a150bb\" data-element_type=\"widget\" data-widget_type=\"heading.default\">\n\t\t\t\t<div class=\"elementor-widget-container\">\n\t\t\t<h3 class=\"elementor-heading-title elementor-size-default\">ZERTIFIZIERUNG<\/h3>\t\t<\/div>\n\t\t\t\t<\/div>\n\t\t\t\t<div class=\"elementor-element elementor-element-5fb2130 elementor-widget elementor-widget-text-editor\" data-id=\"5fb2130\" data-element_type=\"widget\" data-widget_type=\"text-editor.default\">\n\t\t\t\t<div class=\"elementor-widget-container\">\n\t\t\t\t\t\t\t\t<p>Die Unterst\u00fctzung von zertifizierten technischen Teams erm\u00f6glicht es, komplexe, publikations\u00fcbergreifende technische Fragestellungen zu bew\u00e4ltigen.<\/p>\t\t\t\t\t\t<\/div>\n\t\t\t\t<\/div>\n\t\t\t\t\t<\/div>\n\t\t<\/div>\n\t\t\t\t<div class=\"elementor-column elementor-col-50 elementor-inner-column elementor-element elementor-element-4ae3ec3\" data-id=\"4ae3ec3\" data-element_type=\"column\">\n\t\t\t<div class=\"elementor-widget-wrap elementor-element-populated\">\n\t\t\t\t\t\t\t\t<div class=\"elementor-element elementor-element-4421b8a elementor-widget elementor-widget-heading\" data-id=\"4421b8a\" data-element_type=\"widget\" data-widget_type=\"heading.default\">\n\t\t\t\t<div class=\"elementor-widget-container\">\n\t\t\t<h3 class=\"elementor-heading-title elementor-size-default\">METHODIK<\/h3>\t\t<\/div>\n\t\t\t\t<\/div>\n\t\t\t\t<div class=\"elementor-element elementor-element-4fb14c8 elementor-widget elementor-widget-text-editor\" data-id=\"4fb14c8\" data-element_type=\"widget\" data-widget_type=\"text-editor.default\">\n\t\t\t\t<div class=\"elementor-widget-container\">\n\t\t\t\t\t\t\t\t<p>Eine Methodik zur Umsetzung, Steuerung und Steuerung der BAU-Aktivit\u00e4ten, die von S&amp;H sowohl bei komplexen und strategischen Projekten als auch bei kleinen Projekten erfolgreich eingesetzt wird<\/p>\t\t\t\t\t\t<\/div>\n\t\t\t\t<\/div>\n\t\t\t\t\t<\/div>\n\t\t<\/div>\n\t\t\t\t\t\t\t<\/div>\n\t\t<\/section>\n\t\t\t\t\t<\/div>\n\t\t<\/div>\n\t\t\t\t\t\t\t<\/div>\n\t\t<\/section>\n\t\t\t\t\t\t<\/div>\n\t\t\t\t\t<\/div>\n\t\t","protected":false},"excerpt":{"rendered":"<p>UNTERST\u00dcTZUNG UND KONTINUIERLICHE VERBESSERUNG BIETEN SIE DEN BENUTZER QUALIT\u00c4TSUNTERST\u00dcTZUNG UND EINE KONTINUIERLICHE VERBESSERUNG DER EINGESETZTEN L\u00d6SUNGEN Ein erfolgreiches Implementierungsprojekt reicht nicht aus. Es ist im Laufe der Zeit notwendig, seinen Benutzern zu dienen und ihre Prozesse und Tools zu verbessern. IT High Industry\u00a0unterst\u00fctzt seine Kunden beim Management des Lebenszyklus von L\u00f6sungen, indem es kontinuierliche Verbesserungsdienste &hellip;<\/p>\n<p class=\"read-more\"> <a class=\"\" href=\"https:\/\/it-high-industry.com\/?page_id=324\"> <span class=\"screen-reader-text\">VERBESSERUNG<\/span> Lire la suite\u00a0\u00bb<\/a><\/p>\n","protected":false},"author":1,"featured_media":0,"parent":0,"menu_order":0,"comment_status":"closed","ping_status":"closed","template":"","meta":{"footnotes":""},"class_list":["post-324","page","type-page","status-publish","hentry"],"_links":{"self":[{"href":"https:\/\/it-high-industry.com\/index.php?rest_route=\/wp\/v2\/pages\/324","targetHints":{"allow":["GET"]}}],"collection":[{"href":"https:\/\/it-high-industry.com\/index.php?rest_route=\/wp\/v2\/pages"}],"about":[{"href":"https:\/\/it-high-industry.com\/index.php?rest_route=\/wp\/v2\/types\/page"}],"author":[{"embeddable":true,"href":"https:\/\/it-high-industry.com\/index.php?rest_route=\/wp\/v2\/users\/1"}],"replies":[{"embeddable":true,"href":"https:\/\/it-high-industry.com\/index.php?rest_route=%2Fwp%2Fv2%2Fcomments&post=324"}],"version-history":[{"count":11,"href":"https:\/\/it-high-industry.com\/index.php?rest_route=\/wp\/v2\/pages\/324\/revisions"}],"predecessor-version":[{"id":25182,"href":"https:\/\/it-high-industry.com\/index.php?rest_route=\/wp\/v2\/pages\/324\/revisions\/25182"}],"wp:attachment":[{"href":"https:\/\/it-high-industry.com\/index.php?rest_route=%2Fwp%2Fv2%2Fmedia&parent=324"}],"curies":[{"name":"wp","href":"https:\/\/api.w.org\/{rel}","templated":true}]}}