{"id":25148,"date":"2021-07-01T17:14:24","date_gmt":"2021-07-01T17:14:24","guid":{"rendered":"https:\/\/it-high-industry.com\/?page_id=25148"},"modified":"2021-07-01T17:35:40","modified_gmt":"2021-07-01T17:35:40","slug":"bi-analyse","status":"publish","type":"page","link":"https:\/\/it-high-industry.com\/?page_id=25148","title":{"rendered":"BI &#038; ANALYSE"},"content":{"rendered":"\t\t<div data-elementor-type=\"wp-page\" data-elementor-id=\"25148\" class=\"elementor elementor-25148\" data-elementor-settings=\"[]\">\n\t\t\t\t\t\t\t<div class=\"elementor-section-wrap\">\n\t\t\t\t\t\t\t<section class=\"elementor-section elementor-top-section elementor-element elementor-element-3b514c4 elementor-section-boxed elementor-section-height-default elementor-section-height-default\" data-id=\"3b514c4\" data-element_type=\"section\" data-settings=\"{&quot;background_background&quot;:&quot;gradient&quot;}\">\n\t\t\t\t\t\t<div class=\"elementor-container elementor-column-gap-default\">\n\t\t\t\t\t<div class=\"elementor-column elementor-col-100 elementor-top-column elementor-element elementor-element-09be190\" data-id=\"09be190\" data-element_type=\"column\">\n\t\t\t<div class=\"elementor-widget-wrap elementor-element-populated\">\n\t\t\t\t\t\t\t\t<div class=\"elementor-element elementor-element-3733b00 elementor-widget elementor-widget-heading\" data-id=\"3733b00\" data-element_type=\"widget\" data-widget_type=\"heading.default\">\n\t\t\t\t<div class=\"elementor-widget-container\">\n\t\t\t<h1 class=\"elementor-heading-title elementor-size-default\">BI & ANALYSE<\/h1>\t\t<\/div>\n\t\t\t\t<\/div>\n\t\t\t\t\t<\/div>\n\t\t<\/div>\n\t\t\t\t\t\t\t<\/div>\n\t\t<\/section>\n\t\t\t\t<section class=\"elementor-section elementor-top-section elementor-element elementor-element-067db0a elementor-section-content-middle elementor-section-boxed elementor-section-height-default elementor-section-height-default\" data-id=\"067db0a\" data-element_type=\"section\" data-settings=\"{&quot;background_background&quot;:&quot;classic&quot;}\">\n\t\t\t\t\t\t<div class=\"elementor-container elementor-column-gap-default\">\n\t\t\t\t\t<div class=\"elementor-column elementor-col-100 elementor-top-column elementor-element elementor-element-8fd0d3d\" data-id=\"8fd0d3d\" data-element_type=\"column\">\n\t\t\t<div class=\"elementor-widget-wrap elementor-element-populated\">\n\t\t\t\t\t\t\t\t<div class=\"elementor-element elementor-element-571da7b elementor-widget elementor-widget-heading\" data-id=\"571da7b\" data-element_type=\"widget\" data-widget_type=\"heading.default\">\n\t\t\t\t<div class=\"elementor-widget-container\">\n\t\t\t<h2 class=\"elementor-heading-title elementor-size-default\">BUSINESS INTELLIGENCE, DATENMANAGEMENT: ERWEITERT\n\nDIE LEISTUNG IHRER DATEN MIT IT Hight Industry<\/h2>\t\t<\/div>\n\t\t\t\t<\/div>\n\t\t\t\t<div class=\"elementor-element elementor-element-669ad17 elementor-widget elementor-widget-text-editor\" data-id=\"669ad17\" data-element_type=\"widget\" data-widget_type=\"text-editor.default\">\n\t\t\t\t<div class=\"elementor-widget-container\">\n\t\t\t\t\t\t\t\t<p>Holen Sie mit Business Intelligence das Beste aus Ihrem Buchhaltungs- und Personalinformationssystem heraus. Unsere Gesch\u00e4fts- und Technikteams werden mit Ihnen zusammenarbeiten, um die relevantesten Indikatoren zu definieren und robuste L\u00f6sungen zu entwickeln, die das Aktivit\u00e4tsmanagement und die Entscheidungsfindung erm\u00f6glichen.<\/p>\t\t\t\t\t\t<\/div>\n\t\t\t\t<\/div>\n\t\t\t\t\t<\/div>\n\t\t<\/div>\n\t\t\t\t\t\t\t<\/div>\n\t\t<\/section>\n\t\t\t\t<section class=\"elementor-section elementor-top-section elementor-element elementor-element-8a97b9b elementor-section-boxed elementor-section-height-default elementor-section-height-default\" data-id=\"8a97b9b\" data-element_type=\"section\" data-settings=\"{&quot;background_background&quot;:&quot;classic&quot;}\">\n\t\t\t\t\t\t<div class=\"elementor-container elementor-column-gap-default\">\n\t\t\t\t\t<div class=\"elementor-column elementor-col-100 elementor-top-column elementor-element elementor-element-cbcd4aa\" data-id=\"cbcd4aa\" data-element_type=\"column\">\n\t\t\t<div class=\"elementor-widget-wrap elementor-element-populated\">\n\t\t\t\t\t\t\t\t<div class=\"elementor-element elementor-element-165156a elementor-widget elementor-widget-heading\" data-id=\"165156a\" data-element_type=\"widget\" data-widget_type=\"heading.default\">\n\t\t\t\t<div class=\"elementor-widget-container\">\n\t\t\t<h2 class=\"elementor-heading-title elementor-size-default\">BI-PROJEKTRAHMEN<\/h2>\t\t<\/div>\n\t\t\t\t<\/div>\n\t\t\t\t<div class=\"elementor-element elementor-element-34a3d5d elementor-widget elementor-widget-text-editor\" data-id=\"34a3d5d\" data-element_type=\"widget\" data-widget_type=\"text-editor.default\">\n\t\t\t\t<div class=\"elementor-widget-container\">\n\t\t\t\t\t\t\t\t<p>Unsere BI &amp; Analytics Experten unterst\u00fctzen Sie bei der Entwicklung der an Ihre gesch\u00e4ftlichen Herausforderungen angepassten Managementtools, von der Auswahl der L\u00f6sung bis hin zur Erstellung von Berichten.<\/p>\t\t\t\t\t\t<\/div>\n\t\t\t\t<\/div>\n\t\t\t\t<section class=\"elementor-section elementor-inner-section elementor-element elementor-element-66d0088 elementor-section-boxed elementor-section-height-default elementor-section-height-default\" data-id=\"66d0088\" data-element_type=\"section\">\n\t\t\t\t\t\t<div class=\"elementor-container elementor-column-gap-default\">\n\t\t\t\t\t<div class=\"elementor-column elementor-col-33 elementor-inner-column elementor-element elementor-element-6102966\" data-id=\"6102966\" data-element_type=\"column\">\n\t\t\t<div class=\"elementor-widget-wrap elementor-element-populated\">\n\t\t\t\t\t\t\t\t<div class=\"elementor-element elementor-element-553e30a elementor-widget elementor-widget-image\" data-id=\"553e30a\" data-element_type=\"widget\" data-widget_type=\"image.default\">\n\t\t\t\t<div class=\"elementor-widget-container\">\n\t\t\t\t\t\t\t\t\t\t\t\t\t\t\t<img loading=\"lazy\" decoding=\"async\" width=\"683\" height=\"1024\" src=\"https:\/\/it-high-industry.com\/wp-content\/uploads\/2021\/07\/conseil-data-management-1-683x1024.jpg\" class=\"attachment-large size-large\" alt=\"\" srcset=\"https:\/\/it-high-industry.com\/wp-content\/uploads\/2021\/07\/conseil-data-management-1-683x1024.jpg 683w, https:\/\/it-high-industry.com\/wp-content\/uploads\/2021\/07\/conseil-data-management-1-scaled-600x900.jpg 600w, https:\/\/it-high-industry.com\/wp-content\/uploads\/2021\/07\/conseil-data-management-1-200x300.jpg 200w, https:\/\/it-high-industry.com\/wp-content\/uploads\/2021\/07\/conseil-data-management-1-768x1152.jpg 768w, https:\/\/it-high-industry.com\/wp-content\/uploads\/2021\/07\/conseil-data-management-1-1024x1536.jpg 1024w, https:\/\/it-high-industry.com\/wp-content\/uploads\/2021\/07\/conseil-data-management-1-1365x2048.jpg 1365w, https:\/\/it-high-industry.com\/wp-content\/uploads\/2021\/07\/conseil-data-management-1-scaled.jpg 1707w\" sizes=\"auto, (max-width: 683px) 100vw, 683px\" \/>\t\t\t\t\t\t\t\t\t\t\t\t\t\t\t<\/div>\n\t\t\t\t<\/div>\n\t\t\t\t\t<\/div>\n\t\t<\/div>\n\t\t\t\t<div class=\"elementor-column elementor-col-33 elementor-inner-column elementor-element elementor-element-8c49c77\" data-id=\"8c49c77\" data-element_type=\"column\">\n\t\t\t<div class=\"elementor-widget-wrap elementor-element-populated\">\n\t\t\t\t\t\t\t\t<div class=\"elementor-element elementor-element-b45866d elementor-widget elementor-widget-text-editor\" data-id=\"b45866d\" data-element_type=\"widget\" data-widget_type=\"text-editor.default\">\n\t\t\t\t<div class=\"elementor-widget-container\">\n\t\t\t\t\t\t\t\t<p>WELCHE INDIKATOREN M\u00dcSSEN DEFINIEREN, UM DIE LEISTUNG IHRER STRATEGIE ZU MESSEN?<\/p><p><br \/>WIE DURCHF\u00dcHRT MAN EFFEKTIVES BERICHTERSTATTUNG?<\/p><p><br \/>WIE KANN MAN IHRE STRATEGIE AUS IHREM IS STEHEN?<\/p>\t\t\t\t\t\t<\/div>\n\t\t\t\t<\/div>\n\t\t\t\t\t<\/div>\n\t\t<\/div>\n\t\t\t\t<div class=\"elementor-column elementor-col-33 elementor-inner-column elementor-element elementor-element-6a0954a\" data-id=\"6a0954a\" data-element_type=\"column\">\n\t\t\t<div class=\"elementor-widget-wrap elementor-element-populated\">\n\t\t\t\t\t\t\t\t<div class=\"elementor-element elementor-element-e417b07 elementor-widget elementor-widget-text-editor\" data-id=\"e417b07\" data-element_type=\"widget\" data-widget_type=\"text-editor.default\">\n\t\t\t\t<div class=\"elementor-widget-container\">\n\t\t\t\t\t\t\t\t<ul><li>Analyse der bestehenden<\/li><li>Vorschlag f\u00fcr technische Architektur<\/li><li>Hilfe bei der Werkzeugauswahl<\/li><li>Budgetplanung<\/li><li>Entscheidungsmodellierung<\/li><li>Definition von KPIs<\/li><li>Definition von Architektur<\/li><li>Chancenstudie und Hilfe bei der Auswahl von Entscheidungsl\u00f6sungen<\/li><li>Design von Management- und Reportingl\u00f6sungen<\/li><li>Implementierung der BI-L\u00f6sung<\/li><li>Erstellung von Dashboards, Aktivit\u00e4tsberichten, pr\u00e4diktive und pr\u00e4skriptive Analysen<\/li><li>Schulung im Umgang mit Berichten<\/li><\/ul>\t\t\t\t\t\t<\/div>\n\t\t\t\t<\/div>\n\t\t\t\t\t<\/div>\n\t\t<\/div>\n\t\t\t\t\t\t\t<\/div>\n\t\t<\/section>\n\t\t\t\t\t<\/div>\n\t\t<\/div>\n\t\t\t\t\t\t\t<\/div>\n\t\t<\/section>\n\t\t\t\t<section class=\"elementor-section elementor-top-section elementor-element elementor-element-52cbbc6 elementor-section-boxed elementor-section-height-default elementor-section-height-default\" data-id=\"52cbbc6\" data-element_type=\"section\">\n\t\t\t\t\t\t<div class=\"elementor-container elementor-column-gap-default\">\n\t\t\t\t\t<div class=\"elementor-column elementor-col-100 elementor-top-column elementor-element elementor-element-6aadadf\" data-id=\"6aadadf\" data-element_type=\"column\">\n\t\t\t<div class=\"elementor-widget-wrap elementor-element-populated\">\n\t\t\t\t\t\t\t\t<div class=\"elementor-element elementor-element-8170757 elementor-widget elementor-widget-heading\" data-id=\"8170757\" data-element_type=\"widget\" data-widget_type=\"heading.default\">\n\t\t\t\t<div class=\"elementor-widget-container\">\n\t\t\t<h2 class=\"elementor-heading-title elementor-size-default\">DATENMANAGEMENT - DATENANALYTIK - DATA SCIENCE<\/h2>\t\t<\/div>\n\t\t\t\t<\/div>\n\t\t\t\t<div class=\"elementor-element elementor-element-a118689 elementor-widget elementor-widget-text-editor\" data-id=\"a118689\" data-element_type=\"widget\" data-widget_type=\"text-editor.default\">\n\t\t\t\t<div class=\"elementor-widget-container\">\n\t\t\t\t\t\t\t\t<p>Um personalisierte Berichte und Dashboards bereitzustellen, \u00fcberpr\u00fcfen unsere Datenmanagement-Experten, ob die Daten zwischen den verschiedenen internen und externen Systemen zirkulieren, damit die bereitgestellte L\u00f6sung in ihrem \u00d6kosystem mit hochwertigen Daten leben kann.<\/p><div id=\"gtx-trans\" style=\"position: absolute; left: -28px; top: -3px;\"><div class=\"gtx-trans-icon\">\u00a0<\/div><\/div>\t\t\t\t\t\t<\/div>\n\t\t\t\t<\/div>\n\t\t\t\t<section class=\"elementor-section elementor-inner-section elementor-element elementor-element-a524c30 elementor-section-boxed elementor-section-height-default elementor-section-height-default\" data-id=\"a524c30\" data-element_type=\"section\">\n\t\t\t\t\t\t<div class=\"elementor-container elementor-column-gap-default\">\n\t\t\t\t\t<div class=\"elementor-column elementor-col-33 elementor-inner-column elementor-element elementor-element-71fb10e\" data-id=\"71fb10e\" data-element_type=\"column\">\n\t\t\t<div class=\"elementor-widget-wrap elementor-element-populated\">\n\t\t\t\t\t\t\t\t<div class=\"elementor-element elementor-element-9cde089 elementor-widget elementor-widget-image\" data-id=\"9cde089\" data-element_type=\"widget\" data-widget_type=\"image.default\">\n\t\t\t\t<div class=\"elementor-widget-container\">\n\t\t\t\t\t\t\t\t\t\t\t\t\t\t\t<img loading=\"lazy\" decoding=\"async\" width=\"683\" height=\"1024\" src=\"https:\/\/it-high-industry.com\/wp-content\/uploads\/2021\/07\/conseil-data-management2-683x1024.jpg\" class=\"attachment-large size-large\" alt=\"\" srcset=\"https:\/\/it-high-industry.com\/wp-content\/uploads\/2021\/07\/conseil-data-management2-683x1024.jpg 683w, https:\/\/it-high-industry.com\/wp-content\/uploads\/2021\/07\/conseil-data-management2-scaled-600x900.jpg 600w, https:\/\/it-high-industry.com\/wp-content\/uploads\/2021\/07\/conseil-data-management2-200x300.jpg 200w, https:\/\/it-high-industry.com\/wp-content\/uploads\/2021\/07\/conseil-data-management2-768x1152.jpg 768w, https:\/\/it-high-industry.com\/wp-content\/uploads\/2021\/07\/conseil-data-management2-1024x1536.jpg 1024w, https:\/\/it-high-industry.com\/wp-content\/uploads\/2021\/07\/conseil-data-management2-1365x2048.jpg 1365w, https:\/\/it-high-industry.com\/wp-content\/uploads\/2021\/07\/conseil-data-management2-scaled.jpg 1707w\" sizes=\"auto, (max-width: 683px) 100vw, 683px\" \/>\t\t\t\t\t\t\t\t\t\t\t\t\t\t\t<\/div>\n\t\t\t\t<\/div>\n\t\t\t\t\t<\/div>\n\t\t<\/div>\n\t\t\t\t<div class=\"elementor-column elementor-col-33 elementor-inner-column elementor-element elementor-element-e226141\" data-id=\"e226141\" data-element_type=\"column\">\n\t\t\t<div class=\"elementor-widget-wrap elementor-element-populated\">\n\t\t\t\t\t\t\t\t<div class=\"elementor-element elementor-element-60b6983 elementor-widget elementor-widget-text-editor\" data-id=\"60b6983\" data-element_type=\"widget\" data-widget_type=\"text-editor.default\">\n\t\t\t\t<div class=\"elementor-widget-container\">\n\t\t\t\t\t\t\t\t<p>WIE INTEGRIEREN SIE DATEN AUS VERSCHIEDENEN QUELLEN IN IHRE MANAGEMENT-TOOLS?<\/p><p><br \/>WIE K\u00d6NNEN SIE SICHERSTELLEN, DASS DIE ZUR\u00dcCKGEGEBENEN DATEN ZUVERL\u00c4SSIG SIND?<\/p>\t\t\t\t\t\t<\/div>\n\t\t\t\t<\/div>\n\t\t\t\t\t<\/div>\n\t\t<\/div>\n\t\t\t\t<div class=\"elementor-column elementor-col-33 elementor-inner-column elementor-element elementor-element-712783e\" data-id=\"712783e\" data-element_type=\"column\">\n\t\t\t<div class=\"elementor-widget-wrap elementor-element-populated\">\n\t\t\t\t\t\t\t\t<div class=\"elementor-element elementor-element-14f93ba elementor-widget elementor-widget-text-editor\" data-id=\"14f93ba\" data-element_type=\"widget\" data-widget_type=\"text-editor.default\">\n\t\t\t\t<div class=\"elementor-widget-container\">\n\t\t\t\t\t\t\t\t<ul><li>Audit aller Datenquellen<\/li><li>Datenqualit\u00e4tsmanagement: Datenbereinigung, Datenintegration und Informationsanreicherung<\/li><li>Data-Mining<\/li><li>Datenspeicher<\/li><li>Zug\u00e4nglichkeit der Daten durch Benutzer<\/li><li>Master Data Management (MDM): Verwaltung von Repositories und Transkodierungen<\/li><li>Datentransfer und Schnittstellenmanagement<\/li><li>Verwaltung der Dateninteroperabilit\u00e4t zwischen verschiedenen IT-L\u00f6sungen, um die Fluidit\u00e4t und Konsistenz der Daten zu gew\u00e4hrleisten<\/li><\/ul>\t\t\t\t\t\t<\/div>\n\t\t\t\t<\/div>\n\t\t\t\t\t<\/div>\n\t\t<\/div>\n\t\t\t\t\t\t\t<\/div>\n\t\t<\/section>\n\t\t\t\t\t<\/div>\n\t\t<\/div>\n\t\t\t\t\t\t\t<\/div>\n\t\t<\/section>\n\t\t\t\t<section class=\"elementor-section elementor-top-section elementor-element elementor-element-3fd61b8 elementor-section-boxed elementor-section-height-default elementor-section-height-default\" data-id=\"3fd61b8\" data-element_type=\"section\" data-settings=\"{&quot;background_background&quot;:&quot;classic&quot;}\">\n\t\t\t\t\t\t<div class=\"elementor-container elementor-column-gap-default\">\n\t\t\t\t\t<div class=\"elementor-column elementor-col-100 elementor-top-column elementor-element elementor-element-8251e23\" data-id=\"8251e23\" data-element_type=\"column\">\n\t\t\t<div class=\"elementor-widget-wrap elementor-element-populated\">\n\t\t\t\t\t\t\t\t<div class=\"elementor-element elementor-element-fb7285f elementor-widget elementor-widget-heading\" data-id=\"fb7285f\" data-element_type=\"widget\" data-widget_type=\"heading.default\">\n\t\t\t\t<div class=\"elementor-widget-container\">\n\t\t\t<h2 class=\"elementor-heading-title elementor-size-default\">UNSERE METHODIK<\/h2>\t\t<\/div>\n\t\t\t\t<\/div>\n\t\t\t\t<section class=\"elementor-section elementor-inner-section elementor-element elementor-element-4b7057e elementor-section-boxed elementor-section-height-default elementor-section-height-default\" data-id=\"4b7057e\" data-element_type=\"section\">\n\t\t\t\t\t\t<div class=\"elementor-container elementor-column-gap-default\">\n\t\t\t\t\t<div class=\"elementor-column elementor-col-25 elementor-inner-column elementor-element elementor-element-41a57f1\" data-id=\"41a57f1\" data-element_type=\"column\">\n\t\t\t<div class=\"elementor-widget-wrap elementor-element-populated\">\n\t\t\t\t\t\t\t\t<div class=\"elementor-element elementor-element-12d6300 elementor-position-top elementor-vertical-align-top elementor-widget elementor-widget-image-box\" data-id=\"12d6300\" data-element_type=\"widget\" data-widget_type=\"image-box.default\">\n\t\t\t\t<div class=\"elementor-widget-container\">\n\t\t\t<div class=\"elementor-image-box-wrapper\"><figure class=\"elementor-image-box-img\"><img loading=\"lazy\" decoding=\"async\" width=\"256\" height=\"256\" src=\"https:\/\/it-high-industry.com\/wp-content\/uploads\/2021\/07\/laptop-1.png\" class=\"attachment-full size-full\" alt=\"\" srcset=\"https:\/\/it-high-industry.com\/wp-content\/uploads\/2021\/07\/laptop-1.png 256w, https:\/\/it-high-industry.com\/wp-content\/uploads\/2021\/07\/laptop-1-100x100.png 100w, https:\/\/it-high-industry.com\/wp-content\/uploads\/2021\/07\/laptop-1-150x150.png 150w\" sizes=\"auto, (max-width: 256px) 100vw, 256px\" \/><\/figure><div class=\"elementor-image-box-content\"><h3 class=\"elementor-image-box-title\">UNTERSUCHUNG<\/h3><p class=\"elementor-image-box-description\">Bedarfsermittlung\nDefinition von KPIs \/ Metriken\nDefinition der Abmessungen<\/p><\/div><\/div>\t\t<\/div>\n\t\t\t\t<\/div>\n\t\t\t\t\t<\/div>\n\t\t<\/div>\n\t\t\t\t<div class=\"elementor-column elementor-col-25 elementor-inner-column elementor-element elementor-element-16bbe7d\" data-id=\"16bbe7d\" data-element_type=\"column\">\n\t\t\t<div class=\"elementor-widget-wrap elementor-element-populated\">\n\t\t\t\t\t\t\t\t<div class=\"elementor-element elementor-element-f33416e elementor-position-top elementor-vertical-align-top elementor-widget elementor-widget-image-box\" data-id=\"f33416e\" data-element_type=\"widget\" data-widget_type=\"image-box.default\">\n\t\t\t\t<div class=\"elementor-widget-container\">\n\t\t\t<div class=\"elementor-image-box-wrapper\"><figure class=\"elementor-image-box-img\"><img loading=\"lazy\" decoding=\"async\" width=\"512\" height=\"512\" src=\"https:\/\/it-high-industry.com\/wp-content\/uploads\/2021\/07\/web-browser.png\" class=\"attachment-full size-full\" alt=\"\" srcset=\"https:\/\/it-high-industry.com\/wp-content\/uploads\/2021\/07\/web-browser.png 512w, https:\/\/it-high-industry.com\/wp-content\/uploads\/2021\/07\/web-browser-300x300.png 300w, https:\/\/it-high-industry.com\/wp-content\/uploads\/2021\/07\/web-browser-100x100.png 100w, https:\/\/it-high-industry.com\/wp-content\/uploads\/2021\/07\/web-browser-150x150.png 150w\" sizes=\"auto, (max-width: 512px) 100vw, 512px\" \/><\/figure><div class=\"elementor-image-box-content\"><h3 class=\"elementor-image-box-title\">MODELISIERUNG<\/h3><p class=\"elementor-image-box-description\">Vorhersagemodelle erstellen\nVisualisierungsdesign<\/p><\/div><\/div>\t\t<\/div>\n\t\t\t\t<\/div>\n\t\t\t\t\t<\/div>\n\t\t<\/div>\n\t\t\t\t<div class=\"elementor-column elementor-col-25 elementor-inner-column elementor-element elementor-element-15866e0\" data-id=\"15866e0\" data-element_type=\"column\">\n\t\t\t<div class=\"elementor-widget-wrap elementor-element-populated\">\n\t\t\t\t\t\t\t\t<div class=\"elementor-element elementor-element-e546a8e elementor-position-top elementor-vertical-align-top elementor-widget elementor-widget-image-box\" data-id=\"e546a8e\" data-element_type=\"widget\" data-widget_type=\"image-box.default\">\n\t\t\t\t<div class=\"elementor-widget-container\">\n\t\t\t<div class=\"elementor-image-box-wrapper\"><figure class=\"elementor-image-box-img\"><img loading=\"lazy\" decoding=\"async\" width=\"512\" height=\"512\" src=\"https:\/\/it-high-industry.com\/wp-content\/uploads\/2021\/07\/wheel.png\" class=\"attachment-full size-full\" alt=\"\" srcset=\"https:\/\/it-high-industry.com\/wp-content\/uploads\/2021\/07\/wheel.png 512w, https:\/\/it-high-industry.com\/wp-content\/uploads\/2021\/07\/wheel-300x300.png 300w, https:\/\/it-high-industry.com\/wp-content\/uploads\/2021\/07\/wheel-100x100.png 100w, https:\/\/it-high-industry.com\/wp-content\/uploads\/2021\/07\/wheel-150x150.png 150w\" sizes=\"auto, (max-width: 512px) 100vw, 512px\" \/><\/figure><div class=\"elementor-image-box-content\"><h3 class=\"elementor-image-box-title\">BERICHTERSTATTUNG & DEMO<\/h3><p class=\"elementor-image-box-description\">Erstellung von Berichten \/ Dashboards\nImplementierung von Prognosemodellen\nPr\u00e4sentation von Implementierungsergebnissen und Tests durch Anwender<\/p><\/div><\/div>\t\t<\/div>\n\t\t\t\t<\/div>\n\t\t\t\t\t<\/div>\n\t\t<\/div>\n\t\t\t\t<div class=\"elementor-column elementor-col-25 elementor-inner-column elementor-element elementor-element-831a7d1\" data-id=\"831a7d1\" data-element_type=\"column\">\n\t\t\t<div class=\"elementor-widget-wrap elementor-element-populated\">\n\t\t\t\t\t\t\t\t<div class=\"elementor-element elementor-element-c762026 elementor-position-top elementor-vertical-align-top elementor-widget elementor-widget-image-box\" data-id=\"c762026\" data-element_type=\"widget\" data-widget_type=\"image-box.default\">\n\t\t\t\t<div class=\"elementor-widget-container\">\n\t\t\t<div class=\"elementor-image-box-wrapper\"><figure class=\"elementor-image-box-img\"><img loading=\"lazy\" decoding=\"async\" width=\"512\" height=\"512\" src=\"https:\/\/it-high-industry.com\/wp-content\/uploads\/2021\/07\/profile.png\" class=\"attachment-full size-full\" alt=\"\" srcset=\"https:\/\/it-high-industry.com\/wp-content\/uploads\/2021\/07\/profile.png 512w, https:\/\/it-high-industry.com\/wp-content\/uploads\/2021\/07\/profile-300x300.png 300w, https:\/\/it-high-industry.com\/wp-content\/uploads\/2021\/07\/profile-100x100.png 100w, https:\/\/it-high-industry.com\/wp-content\/uploads\/2021\/07\/profile-150x150.png 150w\" sizes=\"auto, (max-width: 512px) 100vw, 512px\" \/><\/figure><div class=\"elementor-image-box-content\"><h3 class=\"elementor-image-box-title\">VALIDIERUNG<\/h3><p class=\"elementor-image-box-description\">Validierung von Berichten, Leistungen, Dashboards\nLieferung von Elementen und Wissensvermittlung\nUnterst\u00fctzung bei \u00c4nderungen und Schulung von Endbenutzern<\/p><\/div><\/div>\t\t<\/div>\n\t\t\t\t<\/div>\n\t\t\t\t\t<\/div>\n\t\t<\/div>\n\t\t\t\t\t\t\t<\/div>\n\t\t<\/section>\n\t\t\t\t\t<\/div>\n\t\t<\/div>\n\t\t\t\t\t\t\t<\/div>\n\t\t<\/section>\n\t\t\t\t\t\t<\/div>\n\t\t\t\t\t<\/div>\n\t\t","protected":false},"excerpt":{"rendered":"<p>BI &#038; ANALYSE BUSINESS INTELLIGENCE, DATENMANAGEMENT: ERWEITERT DIE LEISTUNG IHRER DATEN MIT IT Hight Industry Holen Sie mit Business Intelligence das Beste aus Ihrem Buchhaltungs- und Personalinformationssystem heraus. Unsere Gesch\u00e4fts- und Technikteams werden mit Ihnen zusammenarbeiten, um die relevantesten Indikatoren zu definieren und robuste L\u00f6sungen zu entwickeln, die das Aktivit\u00e4tsmanagement und die Entscheidungsfindung erm\u00f6glichen. BI-PROJEKTRAHMEN &hellip;<\/p>\n<p class=\"read-more\"> <a class=\"\" href=\"https:\/\/it-high-industry.com\/?page_id=25148\"> <span class=\"screen-reader-text\">BI &#038; ANALYSE<\/span> Lire la suite\u00a0\u00bb<\/a><\/p>\n","protected":false},"author":1,"featured_media":0,"parent":0,"menu_order":0,"comment_status":"closed","ping_status":"closed","template":"","meta":{"footnotes":""},"class_list":["post-25148","page","type-page","status-publish","hentry"],"_links":{"self":[{"href":"https:\/\/it-high-industry.com\/index.php?rest_route=\/wp\/v2\/pages\/25148","targetHints":{"allow":["GET"]}}],"collection":[{"href":"https:\/\/it-high-industry.com\/index.php?rest_route=\/wp\/v2\/pages"}],"about":[{"href":"https:\/\/it-high-industry.com\/index.php?rest_route=\/wp\/v2\/types\/page"}],"author":[{"embeddable":true,"href":"https:\/\/it-high-industry.com\/index.php?rest_route=\/wp\/v2\/users\/1"}],"replies":[{"embeddable":true,"href":"https:\/\/it-high-industry.com\/index.php?rest_route=%2Fwp%2Fv2%2Fcomments&post=25148"}],"version-history":[{"count":17,"href":"https:\/\/it-high-industry.com\/index.php?rest_route=\/wp\/v2\/pages\/25148\/revisions"}],"predecessor-version":[{"id":25173,"href":"https:\/\/it-high-industry.com\/index.php?rest_route=\/wp\/v2\/pages\/25148\/revisions\/25173"}],"wp:attachment":[{"href":"https:\/\/it-high-industry.com\/index.php?rest_route=%2Fwp%2Fv2%2Fmedia&parent=25148"}],"curies":[{"name":"wp","href":"https:\/\/api.w.org\/{rel}","templated":true}]}}