{"id":201,"date":"2018-12-07T12:51:06","date_gmt":"2018-12-07T12:51:06","guid":{"rendered":"https:\/\/it-high-industry.com\/?page_id=201"},"modified":"2021-07-01T17:37:26","modified_gmt":"2021-07-01T17:37:26","slug":"entwicklungsstrategie-beratung","status":"publish","type":"page","link":"https:\/\/it-high-industry.com\/?page_id=201","title":{"rendered":"BERATUNG"},"content":{"rendered":"\t\t<div data-elementor-type=\"wp-post\" data-elementor-id=\"201\" class=\"elementor elementor-201\" data-elementor-settings=\"[]\">\n\t\t\t\t\t\t\t<div class=\"elementor-section-wrap\">\n\t\t\t\t\t\t\t<section class=\"elementor-section elementor-top-section elementor-element elementor-element-65ddfad3 elementor-section-boxed elementor-section-height-default elementor-section-height-default\" data-id=\"65ddfad3\" data-element_type=\"section\" data-settings=\"{&quot;background_background&quot;:&quot;gradient&quot;}\">\n\t\t\t\t\t\t<div class=\"elementor-container elementor-column-gap-default\">\n\t\t\t\t\t<div class=\"elementor-column elementor-col-100 elementor-top-column elementor-element elementor-element-c947ffe\" data-id=\"c947ffe\" data-element_type=\"column\">\n\t\t\t<div class=\"elementor-widget-wrap elementor-element-populated\">\n\t\t\t\t\t\t\t\t<div class=\"elementor-element elementor-element-7d4ae13 elementor-widget elementor-widget-heading\" data-id=\"7d4ae13\" data-element_type=\"widget\" data-widget_type=\"heading.default\">\n\t\t\t\t<div class=\"elementor-widget-container\">\n\t\t\t<h1 class=\"elementor-heading-title elementor-size-default\">ENTWICKLUNGSSTRATEGIE BERATUNG<\/h1>\t\t<\/div>\n\t\t\t\t<\/div>\n\t\t\t\t\t<\/div>\n\t\t<\/div>\n\t\t\t\t\t\t\t<\/div>\n\t\t<\/section>\n\t\t\t\t<section class=\"elementor-section elementor-top-section elementor-element elementor-element-422ee72c elementor-section-boxed elementor-section-height-default elementor-section-height-default\" data-id=\"422ee72c\" data-element_type=\"section\" data-settings=\"{&quot;background_background&quot;:&quot;classic&quot;}\">\n\t\t\t\t\t\t<div class=\"elementor-container elementor-column-gap-default\">\n\t\t\t\t\t<div class=\"elementor-column elementor-col-100 elementor-top-column elementor-element elementor-element-46b1ba77\" data-id=\"46b1ba77\" data-element_type=\"column\">\n\t\t\t<div class=\"elementor-widget-wrap elementor-element-populated\">\n\t\t\t\t\t\t\t\t<div class=\"elementor-element elementor-element-7a7c35f elementor-widget elementor-widget-heading\" data-id=\"7a7c35f\" data-element_type=\"widget\" data-widget_type=\"heading.default\">\n\t\t\t\t<div class=\"elementor-widget-container\">\n\t\t\t<h2 class=\"elementor-heading-title elementor-size-default\">ENTWICKLUNGSSTRATEGIE BERATUNG\nUM HR- UND FINANZFUNKTIONEN ZU MODERNISIEREN<\/h2>\t\t<\/div>\n\t\t\t\t<\/div>\n\t\t\t\t<div class=\"elementor-element elementor-element-4459508 elementor-widget elementor-widget-text-editor\" data-id=\"4459508\" data-element_type=\"widget\" data-widget_type=\"text-editor.default\">\n\t\t\t\t<div class=\"elementor-widget-container\">\n\t\t\t\t\t\t\t\t<p>Wir unterst\u00fctzen Unternehmen bei der Modernisierung ihrer HR- und Finance-Unterst\u00fctzungsfunktionen, indem wir HR-Strategie- und Finanzberatungsangebote sowie Beratung bei der Auswahl von IT-L\u00f6sungen anbieten. Sie wollen Ihre HR \/ Finance-Organisation und Ihre IT-Tools weiterentwickeln, ben\u00f6tigen Beratung in Ihrer Strategie und Organisation? IT High Industry unterst\u00fctzt Sie von der Analyse der Gesch\u00e4ftsprozesse \u00fcber die strategische Ausrichtung bis hin zur Transformation Ihres IS und der Auswahl eines Dienstleisters.<\/p>\t\t\t\t\t\t<\/div>\n\t\t\t\t<\/div>\n\t\t\t\t<div class=\"elementor-element elementor-element-5846e62 elementor-widget elementor-widget-heading\" data-id=\"5846e62\" data-element_type=\"widget\" data-widget_type=\"heading.default\">\n\t\t\t\t<div class=\"elementor-widget-container\">\n\t\t\t<h2 class=\"elementor-heading-title elementor-size-default\">UNSER ENGAGEMENT<\/h2>\t\t<\/div>\n\t\t\t\t<\/div>\n\t\t\t\t<section class=\"elementor-section elementor-inner-section elementor-element elementor-element-72f2821 elementor-section-boxed elementor-section-height-default elementor-section-height-default\" data-id=\"72f2821\" data-element_type=\"section\">\n\t\t\t\t\t\t<div class=\"elementor-container elementor-column-gap-default\">\n\t\t\t\t\t<div class=\"elementor-column elementor-col-50 elementor-inner-column elementor-element elementor-element-cf20c7c\" data-id=\"cf20c7c\" data-element_type=\"column\">\n\t\t\t<div class=\"elementor-widget-wrap elementor-element-populated\">\n\t\t\t\t\t\t\t\t<div class=\"elementor-element elementor-element-77263f9 elementor-view-default elementor-position-top elementor-vertical-align-top elementor-widget elementor-widget-icon-box\" data-id=\"77263f9\" data-element_type=\"widget\" data-widget_type=\"icon-box.default\">\n\t\t\t\t<div class=\"elementor-widget-container\">\n\t\t\t\t\t<div class=\"elementor-icon-box-wrapper\">\n\t\t\t\t\t\t<div class=\"elementor-icon-box-icon\">\n\t\t\t\t<span class=\"elementor-icon elementor-animation-\" >\n\t\t\t\t<i aria-hidden=\"true\" class=\"fas fa-user-cog\"><\/i>\t\t\t\t<\/span>\n\t\t\t<\/div>\n\t\t\t\t\t\t<div class=\"elementor-icon-box-content\">\n\t\t\t\t<h3 class=\"elementor-icon-box-title\">\n\t\t\t\t\t<span >ENTWICKLE DEINE AKTIVIT\u00c4T<\/span>\n\t\t\t\t<\/h3>\n\t\t\t\t\t\t\t\t<p class=\"elementor-icon-box-description\">Unterst\u00fctzen Sie die Supportfunktionen bei der Definition und Implementierung der effizientesten Organisation, um die gesch\u00e4ftlichen Herausforderungen zu meistern<\/p>\n\t\t\t\t\t\t\t<\/div>\n\t\t<\/div>\n\t\t\t\t<\/div>\n\t\t\t\t<\/div>\n\t\t\t\t\t<\/div>\n\t\t<\/div>\n\t\t\t\t<div class=\"elementor-column elementor-col-50 elementor-inner-column elementor-element elementor-element-6f97a7a\" data-id=\"6f97a7a\" data-element_type=\"column\">\n\t\t\t<div class=\"elementor-widget-wrap elementor-element-populated\">\n\t\t\t\t\t\t\t\t<div class=\"elementor-element elementor-element-4d51e2e elementor-view-default elementor-position-top elementor-vertical-align-top elementor-widget elementor-widget-icon-box\" data-id=\"4d51e2e\" data-element_type=\"widget\" data-widget_type=\"icon-box.default\">\n\t\t\t\t<div class=\"elementor-widget-container\">\n\t\t\t\t\t<div class=\"elementor-icon-box-wrapper\">\n\t\t\t\t\t\t<div class=\"elementor-icon-box-icon\">\n\t\t\t\t<span class=\"elementor-icon elementor-animation-\" >\n\t\t\t\t<i aria-hidden=\"true\" class=\"far fa-paper-plane\"><\/i>\t\t\t\t<\/span>\n\t\t\t<\/div>\n\t\t\t\t\t\t<div class=\"elementor-icon-box-content\">\n\t\t\t\t<h3 class=\"elementor-icon-box-title\">\n\t\t\t\t\t<span >VERBESSERN SIE IHRE WETTBEWERBSF\u00c4HIGKEIT<\/span>\n\t\t\t\t<\/h3>\n\t\t\t\t\t\t\t\t<p class=\"elementor-icon-box-description\">Unterst\u00fctzungsfunktionen zu einem anerkannten Beitrag zur Strategie und Wettbewerbsf\u00e4higkeit des Unternehmens machen<\/p>\n\t\t\t\t\t\t\t<\/div>\n\t\t<\/div>\n\t\t\t\t<\/div>\n\t\t\t\t<\/div>\n\t\t\t\t\t<\/div>\n\t\t<\/div>\n\t\t\t\t\t\t\t<\/div>\n\t\t<\/section>\n\t\t\t\t<section class=\"elementor-section elementor-inner-section elementor-element elementor-element-f18fe72 elementor-section-boxed elementor-section-height-default elementor-section-height-default\" data-id=\"f18fe72\" data-element_type=\"section\">\n\t\t\t\t\t\t<div class=\"elementor-container elementor-column-gap-default\">\n\t\t\t\t\t<div class=\"elementor-column elementor-col-50 elementor-inner-column elementor-element elementor-element-a7a2073\" data-id=\"a7a2073\" data-element_type=\"column\">\n\t\t\t<div class=\"elementor-widget-wrap elementor-element-populated\">\n\t\t\t\t\t\t\t\t<div class=\"elementor-element elementor-element-c489152 elementor-view-default elementor-position-top elementor-vertical-align-top elementor-widget elementor-widget-icon-box\" data-id=\"c489152\" data-element_type=\"widget\" data-widget_type=\"icon-box.default\">\n\t\t\t\t<div class=\"elementor-widget-container\">\n\t\t\t\t\t<div class=\"elementor-icon-box-wrapper\">\n\t\t\t\t\t\t<div class=\"elementor-icon-box-icon\">\n\t\t\t\t<span class=\"elementor-icon elementor-animation-\" >\n\t\t\t\t<i aria-hidden=\"true\" class=\"fas fa-truck-monster\"><\/i>\t\t\t\t<\/span>\n\t\t\t<\/div>\n\t\t\t\t\t\t<div class=\"elementor-icon-box-content\">\n\t\t\t\t<h3 class=\"elementor-icon-box-title\">\n\t\t\t\t\t<span >INNOVATION<\/span>\n\t\t\t\t<\/h3>\n\t\t\t\t\t\t\t\t<p class=\"elementor-icon-box-description\">Leiten Sie die Supportfunktionen beim Aufbau und der Umsetzung einer IT-Strategie im Dienste der Innovation<\/p>\n\t\t\t\t\t\t\t<\/div>\n\t\t<\/div>\n\t\t\t\t<\/div>\n\t\t\t\t<\/div>\n\t\t\t\t\t<\/div>\n\t\t<\/div>\n\t\t\t\t<div class=\"elementor-column elementor-col-50 elementor-inner-column elementor-element elementor-element-2d90949\" data-id=\"2d90949\" data-element_type=\"column\">\n\t\t\t<div class=\"elementor-widget-wrap elementor-element-populated\">\n\t\t\t\t\t\t\t\t<div class=\"elementor-element elementor-element-58c3816 elementor-view-default elementor-position-top elementor-vertical-align-top elementor-widget elementor-widget-icon-box\" data-id=\"58c3816\" data-element_type=\"widget\" data-widget_type=\"icon-box.default\">\n\t\t\t\t<div class=\"elementor-widget-container\">\n\t\t\t\t\t<div class=\"elementor-icon-box-wrapper\">\n\t\t\t\t\t\t<div class=\"elementor-icon-box-icon\">\n\t\t\t\t<span class=\"elementor-icon elementor-animation-\" >\n\t\t\t\t<i aria-hidden=\"true\" class=\"fas fa-user-friends\"><\/i>\t\t\t\t<\/span>\n\t\t\t<\/div>\n\t\t\t\t\t\t<div class=\"elementor-icon-box-content\">\n\t\t\t\t<h3 class=\"elementor-icon-box-title\">\n\t\t\t\t\t<span >ENGAGE DEINE TEAMS<\/span>\n\t\t\t\t<\/h3>\n\t\t\t\t\t\t\t\t<p class=\"elementor-icon-box-description\">Unterst\u00fctzen Sie Ihre Teams bei der Ver\u00e4nderung und machen Sie dieses Transformationsprojekt zum Erfolg.<\/p>\n\t\t\t\t\t\t\t<\/div>\n\t\t<\/div>\n\t\t\t\t<\/div>\n\t\t\t\t<\/div>\n\t\t\t\t\t<\/div>\n\t\t<\/div>\n\t\t\t\t\t\t\t<\/div>\n\t\t<\/section>\n\t\t\t\t\t<\/div>\n\t\t<\/div>\n\t\t\t\t\t\t\t<\/div>\n\t\t<\/section>\n\t\t\t\t<section class=\"elementor-section elementor-top-section elementor-element elementor-element-8e2bab7 elementor-section-boxed elementor-section-height-default elementor-section-height-default\" data-id=\"8e2bab7\" data-element_type=\"section\">\n\t\t\t\t\t\t<div class=\"elementor-container elementor-column-gap-default\">\n\t\t\t\t\t<div class=\"elementor-column elementor-col-100 elementor-top-column elementor-element elementor-element-7827be0\" data-id=\"7827be0\" data-element_type=\"column\">\n\t\t\t<div class=\"elementor-widget-wrap elementor-element-populated\">\n\t\t\t\t\t\t\t\t<div class=\"elementor-element elementor-element-1dd0074 elementor-widget elementor-widget-heading\" data-id=\"1dd0074\" data-element_type=\"widget\" data-widget_type=\"heading.default\">\n\t\t\t\t<div class=\"elementor-widget-container\">\n\t\t\t<h2 class=\"elementor-heading-title elementor-size-default\">ANALYSE DER BESTEHENDEN<\/h2>\t\t<\/div>\n\t\t\t\t<\/div>\n\t\t\t\t<div class=\"elementor-element elementor-element-21b19d2 elementor-widget elementor-widget-text-editor\" data-id=\"21b19d2\" data-element_type=\"widget\" data-widget_type=\"text-editor.default\">\n\t\t\t\t<div class=\"elementor-widget-container\">\n\t\t\t\t\t\t\t\t<p>Ein Organisationswechsel oder eine Weiterentwicklung eines Informationssystems ist ein Gro\u00dfprojekt, das nicht ohne Pr\u00fcfung und Voruntersuchung der M\u00f6glichkeiten beschlossen werden sollte. Diese vorherige Analyse der bestehenden Situation erm\u00f6glicht es Ihrem Management, den zuk\u00fcnftigen Nutzen des Projekts, seine Kosten, etwaige Risiken usw.<\/p>\t\t\t\t\t\t<\/div>\n\t\t\t\t<\/div>\n\t\t\t\t<section class=\"elementor-section elementor-inner-section elementor-element elementor-element-4f0b2f7 elementor-section-boxed elementor-section-height-default elementor-section-height-default\" data-id=\"4f0b2f7\" data-element_type=\"section\">\n\t\t\t\t\t\t<div class=\"elementor-container elementor-column-gap-default\">\n\t\t\t\t\t<div class=\"elementor-column elementor-col-33 elementor-inner-column elementor-element elementor-element-483c4cf\" data-id=\"483c4cf\" data-element_type=\"column\">\n\t\t\t<div class=\"elementor-widget-wrap elementor-element-populated\">\n\t\t\t\t\t\t\t\t<div class=\"elementor-element elementor-element-07b2269 elementor-widget elementor-widget-image\" data-id=\"07b2269\" data-element_type=\"widget\" data-widget_type=\"image.default\">\n\t\t\t\t<div class=\"elementor-widget-container\">\n\t\t\t\t\t\t\t\t\t\t\t\t\t\t\t<img loading=\"lazy\" decoding=\"async\" width=\"668\" height=\"1024\" src=\"https:\/\/it-high-industry.com\/wp-content\/uploads\/2021\/07\/conseil-en-strategie-devolution-668x1024.jpg\" class=\"attachment-large size-large\" alt=\"\" srcset=\"https:\/\/it-high-industry.com\/wp-content\/uploads\/2021\/07\/conseil-en-strategie-devolution-668x1024.jpg 668w, https:\/\/it-high-industry.com\/wp-content\/uploads\/2021\/07\/conseil-en-strategie-devolution-scaled-600x920.jpg 600w, https:\/\/it-high-industry.com\/wp-content\/uploads\/2021\/07\/conseil-en-strategie-devolution-196x300.jpg 196w, https:\/\/it-high-industry.com\/wp-content\/uploads\/2021\/07\/conseil-en-strategie-devolution-768x1177.jpg 768w, https:\/\/it-high-industry.com\/wp-content\/uploads\/2021\/07\/conseil-en-strategie-devolution-1002x1536.jpg 1002w, https:\/\/it-high-industry.com\/wp-content\/uploads\/2021\/07\/conseil-en-strategie-devolution-1336x2048.jpg 1336w, https:\/\/it-high-industry.com\/wp-content\/uploads\/2021\/07\/conseil-en-strategie-devolution-scaled.jpg 1670w\" sizes=\"auto, (max-width: 668px) 100vw, 668px\" \/>\t\t\t\t\t\t\t\t\t\t\t\t\t\t\t<\/div>\n\t\t\t\t<\/div>\n\t\t\t\t\t<\/div>\n\t\t<\/div>\n\t\t\t\t<div class=\"elementor-column elementor-col-33 elementor-inner-column elementor-element elementor-element-f007efe\" data-id=\"f007efe\" data-element_type=\"column\">\n\t\t\t<div class=\"elementor-widget-wrap elementor-element-populated\">\n\t\t\t\t\t\t\t\t<div class=\"elementor-element elementor-element-e1e8f99 elementor-widget elementor-widget-text-editor\" data-id=\"e1e8f99\" data-element_type=\"widget\" data-widget_type=\"text-editor.default\">\n\t\t\t\t<div class=\"elementor-widget-container\">\n\t\t\t\t\t\t\t\t<p>SIND IHRE BUSINESS-TOOLS UND -PROZESSE AN IHRE GESCH\u00c4FTLICHEN HERAUSFORDERUNGEN ANGEPASST?<\/p><p><br \/>HABEN SIE EIN EINFACH ZU BEDIENENDES INFORMATIONSSYSTEM? WELTWEITES WISSEN \u00dcBER IHRE RESSOURCEN?<\/p><p>SIND IHRE FAHRWERKZEUGE ZUVERL\u00c4SSIG UND RELEVANT?<\/p>\t\t\t\t\t\t<\/div>\n\t\t\t\t<\/div>\n\t\t\t\t\t<\/div>\n\t\t<\/div>\n\t\t\t\t<div class=\"elementor-column elementor-col-33 elementor-inner-column elementor-element elementor-element-ef874ed\" data-id=\"ef874ed\" data-element_type=\"column\">\n\t\t\t<div class=\"elementor-widget-wrap elementor-element-populated\">\n\t\t\t\t\t\t\t\t<div class=\"elementor-element elementor-element-c7ce2ea elementor-widget elementor-widget-text-editor\" data-id=\"c7ce2ea\" data-element_type=\"widget\" data-widget_type=\"text-editor.default\">\n\t\t\t\t<div class=\"elementor-widget-container\">\n\t\t\t\t\t\t\t\t<ul><li>Abbildung der projektbezogenen Gesch\u00e4ftsprozesse im Hinblick auf deren Ausrichtung an den strategischen Zielen<\/li><li>Audit von Informationssystemen und Vorschlag zur operativen Verbesserung vom Pre-Sales bis zur kontinuierlichen Verbesserung<\/li><li>Diagnose der Organisation rund um IS (Leistung und Organisation)<\/li><li>Benchmark der verwendeten Tools im Vergleich zu den Markttools<\/li><\/ul>\t\t\t\t\t\t<\/div>\n\t\t\t\t<\/div>\n\t\t\t\t\t<\/div>\n\t\t<\/div>\n\t\t\t\t\t\t\t<\/div>\n\t\t<\/section>\n\t\t\t\t\t<\/div>\n\t\t<\/div>\n\t\t\t\t\t\t\t<\/div>\n\t\t<\/section>\n\t\t\t\t<section class=\"elementor-section elementor-top-section elementor-element elementor-element-a03b9ba elementor-section-boxed elementor-section-height-default elementor-section-height-default\" data-id=\"a03b9ba\" data-element_type=\"section\" data-settings=\"{&quot;background_background&quot;:&quot;classic&quot;}\">\n\t\t\t\t\t\t<div class=\"elementor-container elementor-column-gap-default\">\n\t\t\t\t\t<div class=\"elementor-column elementor-col-100 elementor-top-column elementor-element elementor-element-6f8a5a3\" data-id=\"6f8a5a3\" data-element_type=\"column\">\n\t\t\t<div class=\"elementor-widget-wrap elementor-element-populated\">\n\t\t\t\t\t\t\t\t<div class=\"elementor-element elementor-element-7e95d96 elementor-widget elementor-widget-heading\" data-id=\"7e95d96\" data-element_type=\"widget\" data-widget_type=\"heading.default\">\n\t\t\t\t<div class=\"elementor-widget-container\">\n\t\t\t<h2 class=\"elementor-heading-title elementor-size-default\">STRATEGISCHE AUSRICHTUNG<\/h2>\t\t<\/div>\n\t\t\t\t<\/div>\n\t\t\t\t<div class=\"elementor-element elementor-element-5126b48 elementor-widget elementor-widget-text-editor\" data-id=\"5126b48\" data-element_type=\"widget\" data-widget_type=\"text-editor.default\">\n\t\t\t\t<div class=\"elementor-widget-container\">\n\t\t\t\t\t\t\t\t<p>Supportfunktionen m\u00fcssen ihre Tools immer wieder neu bewerten, um die Effizienz des Unternehmens und die Zufriedenheit der internen Kunden zu steigern. Eine effiziente User Experience, ein Repository zuverl\u00e4ssiger und gemeinsam genutzter Daten, integrierte Prozesse und die Bereitstellung relevanter Indikatoren stehen im Mittelpunkt der \u00dcberlegungen, die w\u00e4hrend der strategischen Ausrichtung durchgef\u00fchrt werden.<\/p>\t\t\t\t\t\t<\/div>\n\t\t\t\t<\/div>\n\t\t\t\t<section class=\"elementor-section elementor-inner-section elementor-element elementor-element-b0e1273 elementor-section-boxed elementor-section-height-default elementor-section-height-default\" data-id=\"b0e1273\" data-element_type=\"section\">\n\t\t\t\t\t\t<div class=\"elementor-container elementor-column-gap-default\">\n\t\t\t\t\t<div class=\"elementor-column elementor-col-33 elementor-inner-column elementor-element elementor-element-20f5f98\" data-id=\"20f5f98\" data-element_type=\"column\">\n\t\t\t<div class=\"elementor-widget-wrap elementor-element-populated\">\n\t\t\t\t\t\t\t\t<div class=\"elementor-element elementor-element-70b481c elementor-widget elementor-widget-image\" data-id=\"70b481c\" data-element_type=\"widget\" data-widget_type=\"image.default\">\n\t\t\t\t<div class=\"elementor-widget-container\">\n\t\t\t\t\t\t\t\t\t\t\t\t\t\t\t<img loading=\"lazy\" decoding=\"async\" width=\"810\" height=\"1024\" src=\"https:\/\/it-high-industry.com\/wp-content\/uploads\/2021\/07\/conseil-en-strategie-devolution-9-810x1024.jpg\" class=\"attachment-large size-large\" alt=\"\" srcset=\"https:\/\/it-high-industry.com\/wp-content\/uploads\/2021\/07\/conseil-en-strategie-devolution-9-810x1024.jpg 810w, https:\/\/it-high-industry.com\/wp-content\/uploads\/2021\/07\/conseil-en-strategie-devolution-9-600x759.jpg 600w, https:\/\/it-high-industry.com\/wp-content\/uploads\/2021\/07\/conseil-en-strategie-devolution-9-237x300.jpg 237w, https:\/\/it-high-industry.com\/wp-content\/uploads\/2021\/07\/conseil-en-strategie-devolution-9-768x971.jpg 768w, https:\/\/it-high-industry.com\/wp-content\/uploads\/2021\/07\/conseil-en-strategie-devolution-9-1215x1536.jpg 1215w, https:\/\/it-high-industry.com\/wp-content\/uploads\/2021\/07\/conseil-en-strategie-devolution-9.jpg 1277w\" sizes=\"auto, (max-width: 810px) 100vw, 810px\" \/>\t\t\t\t\t\t\t\t\t\t\t\t\t\t\t<\/div>\n\t\t\t\t<\/div>\n\t\t\t\t\t<\/div>\n\t\t<\/div>\n\t\t\t\t<div class=\"elementor-column elementor-col-33 elementor-inner-column elementor-element elementor-element-41e3922\" data-id=\"41e3922\" data-element_type=\"column\">\n\t\t\t<div class=\"elementor-widget-wrap elementor-element-populated\">\n\t\t\t\t\t\t\t\t<div class=\"elementor-element elementor-element-110a7a4 elementor-widget elementor-widget-text-editor\" data-id=\"110a7a4\" data-element_type=\"widget\" data-widget_type=\"text-editor.default\">\n\t\t\t\t<div class=\"elementor-widget-container\">\n\t\t\t\t\t\t\t\t<p>DENKEN SIE \u00dcBER IHRE HR- UND\/ODER FINANZSTRATEGIE NACH?<\/p><p>UNTERST\u00dcTZT IHRE ORGANISATION DIE ZIELE IHRES UNTERNEHMENS?<\/p>\t\t\t\t\t\t<\/div>\n\t\t\t\t<\/div>\n\t\t\t\t\t<\/div>\n\t\t<\/div>\n\t\t\t\t<div class=\"elementor-column elementor-col-33 elementor-inner-column elementor-element elementor-element-3421f8c\" data-id=\"3421f8c\" data-element_type=\"column\">\n\t\t\t<div class=\"elementor-widget-wrap elementor-element-populated\">\n\t\t\t\t\t\t\t\t<div class=\"elementor-element elementor-element-7ddca2b elementor-widget elementor-widget-text-editor\" data-id=\"7ddca2b\" data-element_type=\"widget\" data-widget_type=\"text-editor.default\">\n\t\t\t\t<div class=\"elementor-widget-container\">\n\t\t\t\t\t\t\t\t<ul><li>Projektmanagement: Datenanalyse, Durchf\u00fchrung von Workshops, Monitoring von Aktionspl\u00e4nen, Organisation und Steuerung.<\/li><li>Definition der Strategie der Supportfunktionen und Ausrichtung auf die Gesch\u00e4ftsstrategie: One-Page-Strategie.<\/li><li>Vorschlag zur Verbesserung der Gesch\u00e4fts- und Organisationsprozesse zur Unterst\u00fctzung der Gesch\u00e4ftsstrategie.<\/li><li>Definition von Managementtools und Entwicklung von KPI&rsquo;s.<\/li><\/ul>\t\t\t\t\t\t<\/div>\n\t\t\t\t<\/div>\n\t\t\t\t\t<\/div>\n\t\t<\/div>\n\t\t\t\t\t\t\t<\/div>\n\t\t<\/section>\n\t\t\t\t\t<\/div>\n\t\t<\/div>\n\t\t\t\t\t\t\t<\/div>\n\t\t<\/section>\n\t\t\t\t\t\t<\/div>\n\t\t\t\t\t<\/div>\n\t\t","protected":false},"excerpt":{"rendered":"<p>ENTWICKLUNGSSTRATEGIE BERATUNG ENTWICKLUNGSSTRATEGIE BERATUNG UM HR- UND FINANZFUNKTIONEN ZU MODERNISIEREN Wir unterst\u00fctzen Unternehmen bei der Modernisierung ihrer HR- und Finance-Unterst\u00fctzungsfunktionen, indem wir HR-Strategie- und Finanzberatungsangebote sowie Beratung bei der Auswahl von IT-L\u00f6sungen anbieten. Sie wollen Ihre HR \/ Finance-Organisation und Ihre IT-Tools weiterentwickeln, ben\u00f6tigen Beratung in Ihrer Strategie und Organisation? IT High Industry unterst\u00fctzt Sie &hellip;<\/p>\n<p class=\"read-more\"> <a class=\"\" href=\"https:\/\/it-high-industry.com\/?page_id=201\"> <span class=\"screen-reader-text\">BERATUNG<\/span> Lire la suite\u00a0\u00bb<\/a><\/p>\n","protected":false},"author":1,"featured_media":0,"parent":0,"menu_order":0,"comment_status":"closed","ping_status":"closed","template":"","meta":{"footnotes":""},"class_list":["post-201","page","type-page","status-publish","hentry"],"_links":{"self":[{"href":"https:\/\/it-high-industry.com\/index.php?rest_route=\/wp\/v2\/pages\/201","targetHints":{"allow":["GET"]}}],"collection":[{"href":"https:\/\/it-high-industry.com\/index.php?rest_route=\/wp\/v2\/pages"}],"about":[{"href":"https:\/\/it-high-industry.com\/index.php?rest_route=\/wp\/v2\/types\/page"}],"author":[{"embeddable":true,"href":"https:\/\/it-high-industry.com\/index.php?rest_route=\/wp\/v2\/users\/1"}],"replies":[{"embeddable":true,"href":"https:\/\/it-high-industry.com\/index.php?rest_route=%2Fwp%2Fv2%2Fcomments&post=201"}],"version-history":[{"count":14,"href":"https:\/\/it-high-industry.com\/index.php?rest_route=\/wp\/v2\/pages\/201\/revisions"}],"predecessor-version":[{"id":25180,"href":"https:\/\/it-high-industry.com\/index.php?rest_route=\/wp\/v2\/pages\/201\/revisions\/25180"}],"wp:attachment":[{"href":"https:\/\/it-high-industry.com\/index.php?rest_route=%2Fwp%2Fv2%2Fmedia&parent=201"}],"curies":[{"name":"wp","href":"https:\/\/api.w.org\/{rel}","templated":true}]}}